{"id":6787,"date":"2019-06-22T11:21:35","date_gmt":"2019-06-22T11:21:35","guid":{"rendered":"http:\/\/railgd.com\/contact\/"},"modified":"2022-09-28T16:46:44","modified_gmt":"2022-09-28T16:46:44","slug":"contactenos","status":"publish","type":"page","link":"https:\/\/railgd.com\/es\/contactenos\/","title":{"rendered":"Cont\u00e1ctenos"},"content":{"rendered":"\t\t<div data-elementor-type=\"wp-post\" data-elementor-id=\"6787\" class=\"elementor elementor-6787 elementor-208\">\n\t\t\t\t\t\t<section class=\"elementor-section elementor-top-section elementor-element elementor-element-902bfc4 elementor-section-boxed elementor-section-height-default elementor-section-height-default sc_fly_static\" data-id=\"902bfc4\" data-element_type=\"section\">\n\t\t\t\t\t\t<div class=\"elementor-container elementor-column-gap-extended\">\n\t\t\t\t\t<div class=\"elementor-column elementor-col-100 elementor-top-column elementor-element elementor-element-661a202 sc_inner_width_none sc_content_align_inherit sc_layouts_column_icons_position_left sc_fly_static\" data-id=\"661a202\" data-element_type=\"column\">\n\t\t\t<div class=\"elementor-widget-wrap elementor-element-populated\">\n\t\t\t\t\t\t<div class=\"elementor-element elementor-element-36544d8 sc_fly_static elementor-widget elementor-widget-spacer\" data-id=\"36544d8\" data-element_type=\"widget\" data-widget_type=\"spacer.default\">\n\t\t\t\t<div class=\"elementor-widget-container\">\n\t\t\t\t\t\t\t<div class=\"elementor-spacer\">\n\t\t\t<div class=\"elementor-spacer-inner\"><\/div>\n\t\t<\/div>\n\t\t\t\t\t\t<\/div>\n\t\t\t\t<\/div>\n\t\t\t\t\t<\/div>\n\t\t<\/div>\n\t\t\t\t\t<\/div>\n\t\t<\/section>\n\t\t\t\t<section class=\"elementor-section elementor-top-section elementor-element elementor-element-a710cff elementor-section-boxed elementor-section-height-default elementor-section-height-default sc_fly_static\" data-id=\"a710cff\" data-element_type=\"section\">\n\t\t\t\t\t\t<div class=\"elementor-container elementor-column-gap-extended\">\n\t\t\t\t\t<div class=\"elementor-column elementor-col-33 elementor-top-column elementor-element elementor-element-e2629c8 sc_inner_width_none sc_content_align_inherit sc_layouts_column_icons_position_left sc_fly_static\" data-id=\"e2629c8\" data-element_type=\"column\">\n\t\t\t<div class=\"elementor-widget-wrap elementor-element-populated\">\n\t\t\t\t\t\t<div class=\"elementor-element elementor-element-70af8cd animated-fast animation_type_sequental sc_fly_static elementor-invisible elementor-widget elementor-widget-trx_sc_title\" data-id=\"70af8cd\" data-element_type=\"widget\" data-settings=\"{&quot;_animation&quot;:&quot;fadeInUp&quot;}\" data-widget_type=\"trx_sc_title.default\">\n\t\t\t\t<div class=\"elementor-widget-container\">\n\t\t\t\t\t<div\t\tclass=\"sc_title sc_title_default\"><span class=\"sc_item_subtitle sc_title_subtitle sc_item_subtitle_above sc_item_title_style_default\">CONT\u00c1CTENOS<\/span><h2 class=\"sc_item_title sc_title_title sc_item_title_style_default\"><span class=\"sc_item_title_text\">\u00bfPreguntas? <br>Hablemos.<\/span><\/h2><div class=\"sc_item_descr sc_title_descr\"><p>Cont\u00e1ctenos y vea c\u00f3mo la experiencia de Rail GD marca la diferencia.<\/p>\n<\/div><\/div>\t\t\t\t<\/div>\n\t\t\t\t<\/div>\n\t\t\t\t<div class=\"elementor-element elementor-element-e040915 sc_layouts_hide_on_wide sc_layouts_hide_on_desktop sc_layouts_hide_on_notebook sc_layouts_hide_on_tablet sc_fly_static elementor-widget elementor-widget-spacer\" data-id=\"e040915\" data-element_type=\"widget\" data-widget_type=\"spacer.default\">\n\t\t\t\t<div class=\"elementor-widget-container\">\n\t\t\t\t\t\t\t<div class=\"elementor-spacer\">\n\t\t\t<div class=\"elementor-spacer-inner\"><\/div>\n\t\t<\/div>\n\t\t\t\t\t\t<\/div>\n\t\t\t\t<\/div>\n\t\t\t\t\t<\/div>\n\t\t<\/div>\n\t\t\t\t<div class=\"elementor-column elementor-col-33 elementor-top-column elementor-element elementor-element-32c29b2 sc_layouts_hide_on_mobile sc_inner_width_none sc_content_align_inherit sc_layouts_column_icons_position_left sc_fly_static\" data-id=\"32c29b2\" data-element_type=\"column\">\n\t\t\t<div class=\"elementor-widget-wrap\">\n\t\t\t\t\t\t\t<\/div>\n\t\t<\/div>\n\t\t\t\t<div class=\"elementor-column elementor-col-33 elementor-top-column elementor-element elementor-element-b83176d sc_inner_width_none sc_content_align_inherit sc_layouts_column_icons_position_left sc_fly_static\" data-id=\"b83176d\" data-element_type=\"column\">\n\t\t\t<div class=\"elementor-widget-wrap elementor-element-populated\">\n\t\t\t\t\t\t<div class=\"elementor-element elementor-element-f686368 animated-fast animation_type_block sc_fly_static elementor-invisible elementor-widget elementor-widget-trx_sc_icons\" data-id=\"f686368\" data-element_type=\"widget\" data-settings=\"{&quot;_animation&quot;:&quot;fadeInUp&quot;}\" data-widget_type=\"trx_sc_icons.default\">\n\t\t\t\t<div class=\"elementor-widget-container\">\n\t\t\t\t\t<div \n\tclass=\"sc_icons sc_icons_default sc_icons_size_small sc_align_left\"><div class=\"sc_icons_columns_wrap sc_item_columns trx_addons_columns_wrap columns_padding_bottom columns_in_single_row\"><div class=\"trx_addons_column-1_2 trx_addons_column-1_2-mobile\"><div class=\"sc_icons_item\"><div class=\"sc_icons_icon sc_icon_type_ icon-address_map\"><span class=\"sc_icon_type_ icon-address_map\"><\/span><\/div><div class=\"sc_icons_item_details\"><h4 class=\"sc_icons_item_title\"><span>Direcci\u00f3n<\/span><\/h4><div class=\"sc_icons_item_description\"><span>130, chemin de Saint-Edgard <\/span><span>New Richmond, QC, G0C 2B0 <\/span><span>Canada<\/span><\/div><\/div><\/div><\/div><div class=\"trx_addons_column-1_2 trx_addons_column-1_2-mobile\"><div class=\"sc_icons_item\"><div class=\"sc_icons_icon sc_icon_type_ icon-letter\"><span class=\"sc_icon_type_ icon-letter\"><\/span><\/div><div class=\"sc_icons_item_details\"><h4 class=\"sc_icons_item_title\"><span>Correo electr\u00f3nico<\/span><\/h4><div class=\"sc_icons_item_description\"><span><a href=\"mailto:info@railgd.com\" style=\"color:#b20e10\"\">info@railgd.com<\/a><\/span><span><a <\/span><\/div><\/div><\/div><\/div><\/div><\/div>\t\t\t\t<\/div>\n\t\t\t\t<\/div>\n\t\t\t\t<div class=\"elementor-element elementor-element-7cecb6e sc_fly_static elementor-widget elementor-widget-spacer\" data-id=\"7cecb6e\" data-element_type=\"widget\" data-widget_type=\"spacer.default\">\n\t\t\t\t<div class=\"elementor-widget-container\">\n\t\t\t\t\t\t\t<div class=\"elementor-spacer\">\n\t\t\t<div class=\"elementor-spacer-inner\"><\/div>\n\t\t<\/div>\n\t\t\t\t\t\t<\/div>\n\t\t\t\t<\/div>\n\t\t\t\t<div class=\"elementor-element elementor-element-201b85d animated-fast animation_type_block sc_fly_static elementor-invisible elementor-widget elementor-widget-trx_sc_icons\" data-id=\"201b85d\" data-element_type=\"widget\" data-settings=\"{&quot;_animation&quot;:&quot;fadeInUp&quot;}\" data-widget_type=\"trx_sc_icons.default\">\n\t\t\t\t<div class=\"elementor-widget-container\">\n\t\t\t\t\t<div \n\tclass=\"sc_icons sc_icons_default sc_icons_size_small sc_align_left\"><div class=\"sc_icons_columns_wrap sc_item_columns trx_addons_columns_wrap columns_padding_bottom columns_in_single_row\"><div class=\"trx_addons_column-1_2 trx_addons_column-1_2-mobile\"><div class=\"sc_icons_item\"><div class=\"sc_icons_icon sc_icon_type_ icon-mobile_new\"><span class=\"sc_icon_type_ icon-mobile_new\"><\/span><\/div><div class=\"sc_icons_item_details\"><h4 class=\"sc_icons_item_title\"><span>Tel\u00e9fono<\/span><\/h4><div class=\"sc_icons_item_description\"><span><a href=\"tel:+14183927510\" style=\"color:#b20e10\"\"><\/span><span>(418) 392-7510<\/a><\/span><span><\/span><\/div><\/div><\/div><\/div><div class=\"trx_addons_column-1_2 trx_addons_column-1_2-mobile\"><div class=\"sc_icons_item\"><div class=\"sc_icons_icon sc_icon_type_ icon-alarm_clock\"><span class=\"sc_icon_type_ icon-alarm_clock\"><\/span><\/div><div class=\"sc_icons_item_details\"><h4 class=\"sc_icons_item_title\"><span>Estamos abiertos<\/span><\/h4><div class=\"sc_icons_item_description\" style=\"color:#646464;\"><span><p style=\"color:#646464\">Lunes a Jueves: 7 am a 4:30 pm<\/br><\/span><span>Viernes: 7 am a 11 am<\/p><\/span><\/div><\/div><\/div><\/div><\/div><\/div>\t\t\t\t<\/div>\n\t\t\t\t<\/div>\n\t\t\t\t\t<\/div>\n\t\t<\/div>\n\t\t\t\t\t<\/div>\n\t\t<\/section>\n\t\t\t\t<section class=\"elementor-section elementor-top-section elementor-element elementor-element-4df0579 elementor-section-boxed elementor-section-height-default elementor-section-height-default sc_fly_static\" data-id=\"4df0579\" data-element_type=\"section\">\n\t\t\t\t\t\t<div class=\"elementor-container elementor-column-gap-extended\">\n\t\t\t\t\t<div class=\"elementor-column elementor-col-100 elementor-top-column elementor-element elementor-element-121bd02 sc_inner_width_none sc_content_align_inherit sc_layouts_column_icons_position_left sc_fly_static\" data-id=\"121bd02\" data-element_type=\"column\">\n\t\t\t<div class=\"elementor-widget-wrap elementor-element-populated\">\n\t\t\t\t\t\t<div class=\"elementor-element elementor-element-4192f40 sc_fly_static elementor-widget elementor-widget-spacer\" data-id=\"4192f40\" data-element_type=\"widget\" data-widget_type=\"spacer.default\">\n\t\t\t\t<div class=\"elementor-widget-container\">\n\t\t\t\t\t\t\t<div class=\"elementor-spacer\">\n\t\t\t<div class=\"elementor-spacer-inner\"><\/div>\n\t\t<\/div>\n\t\t\t\t\t\t<\/div>\n\t\t\t\t<\/div>\n\t\t\t\t\t<\/div>\n\t\t<\/div>\n\t\t\t\t\t<\/div>\n\t\t<\/section>\n\t\t\t\t<\/div>\n\t\t","protected":false},"excerpt":{"rendered":"<p>CONT\u00c1CTENOS \u00bfPreguntas? Hablemos. Cont\u00e1ctenos y vea c\u00f3mo la experiencia de Rail GD marca la diferencia. Direcci\u00f3n 130, chemin de Saint-Edgard New Richmond, QC, G0C 2B0 Canada Correo electr\u00f3nico (418) 392-7510 Estamos abiertos Lunes a Jueves: 7 am a 4:30 pmViernes: 7 am a 11 am<\/p>\n","protected":false},"author":1,"featured_media":6528,"parent":0,"menu_order":0,"comment_status":"closed","ping_status":"closed","template":"","meta":{"footnotes":""},"class_list":["post-6787","page","type-page","status-publish","has-post-thumbnail","hentry"],"yoast_head":"<!-- This site is optimized with the Yoast SEO plugin v24.5 - https:\/\/yoast.com\/wordpress\/plugins\/seo\/ -->\n<title>Cont\u00e1ctenos - Rail GD<\/title>\n<meta name=\"robots\" content=\"index, follow, max-snippet:-1, max-image-preview:large, max-video-preview:-1\" \/>\n<link rel=\"canonical\" href=\"https:\/\/railgd.com\/contact\/\" \/>\n<meta property=\"og:locale\" content=\"es_ES\" \/>\n<meta property=\"og:type\" content=\"article\" \/>\n<meta property=\"og:title\" content=\"Cont\u00e1ctenos - Rail GD\" \/>\n<meta property=\"og:description\" content=\"CONT\u00c1CTENOS \u00bfPreguntas? Hablemos. Cont\u00e1ctenos y vea c\u00f3mo la experiencia de Rail GD marca la diferencia. Direcci\u00f3n 130, chemin de Saint-Edgard New Richmond, QC, G0C 2B0 Canada Correo electr\u00f3nico (418) 392-7510 Estamos abiertos Lunes a Jueves: 7 am a 4:30 pmViernes: 7 am a 11 am\" \/>\n<meta property=\"og:url\" content=\"https:\/\/railgd.com\/contact\/\" \/>\n<meta property=\"og:site_name\" content=\"Rail GD\" \/>\n<meta property=\"article:publisher\" content=\"https:\/\/www.facebook.com\/rail.gd\/?locale=fr_CA\" \/>\n<meta property=\"article:modified_time\" content=\"2022-09-28T16:46:44+00:00\" \/>\n<meta property=\"og:image\" content=\"https:\/\/railgd.com\/wp-content\/uploads\/2022\/04\/fond-cta-scaled.jpg\" \/>\n\t<meta property=\"og:image:width\" content=\"2560\" \/>\n\t<meta property=\"og:image:height\" content=\"1004\" \/>\n\t<meta property=\"og:image:type\" content=\"image\/jpeg\" \/>\n<meta name=\"twitter:card\" content=\"summary_large_image\" \/>\n<script type=\"application\/ld+json\" class=\"yoast-schema-graph\">{\"@context\":\"https:\/\/schema.org\",\"@graph\":[{\"@type\":\"WebPage\",\"@id\":\"https:\/\/railgd.com\/contact\/\",\"url\":\"https:\/\/railgd.com\/contact\/\",\"name\":\"Cont\u00e1ctenos - Rail GD\",\"isPartOf\":{\"@id\":\"https:\/\/railgd.com\/#website\"},\"primaryImageOfPage\":{\"@id\":\"https:\/\/railgd.com\/contact\/#primaryimage\"},\"image\":{\"@id\":\"https:\/\/railgd.com\/contact\/#primaryimage\"},\"thumbnailUrl\":\"https:\/\/railgd.com\/wp-content\/uploads\/2022\/04\/fond-cta-scaled.jpg\",\"datePublished\":\"2019-06-22T11:21:35+00:00\",\"dateModified\":\"2022-09-28T16:46:44+00:00\",\"breadcrumb\":{\"@id\":\"https:\/\/railgd.com\/contact\/#breadcrumb\"},\"inLanguage\":\"es\",\"potentialAction\":[{\"@type\":\"ReadAction\",\"target\":[\"https:\/\/railgd.com\/contact\/\"]}]},{\"@type\":\"ImageObject\",\"inLanguage\":\"es\",\"@id\":\"https:\/\/railgd.com\/contact\/#primaryimage\",\"url\":\"https:\/\/railgd.com\/wp-content\/uploads\/2022\/04\/fond-cta-scaled.jpg\",\"contentUrl\":\"https:\/\/railgd.com\/wp-content\/uploads\/2022\/04\/fond-cta-scaled.jpg\",\"width\":2560,\"height\":1004},{\"@type\":\"BreadcrumbList\",\"@id\":\"https:\/\/railgd.com\/contact\/#breadcrumb\",\"itemListElement\":[{\"@type\":\"ListItem\",\"position\":1,\"name\":\"Accueil\",\"item\":\"https:\/\/railgd.com\/en\/\"},{\"@type\":\"ListItem\",\"position\":2,\"name\":\"Cont\u00e1ctenos\"}]},{\"@type\":\"WebSite\",\"@id\":\"https:\/\/railgd.com\/#website\",\"url\":\"https:\/\/railgd.com\/\",\"name\":\"Rail GD\",\"description\":\"Refonte et mise \u00e0 neuf de train\",\"publisher\":{\"@id\":\"https:\/\/railgd.com\/#organization\"},\"potentialAction\":[{\"@type\":\"SearchAction\",\"target\":{\"@type\":\"EntryPoint\",\"urlTemplate\":\"https:\/\/railgd.com\/?s={search_term_string}\"},\"query-input\":{\"@type\":\"PropertyValueSpecification\",\"valueRequired\":true,\"valueName\":\"search_term_string\"}}],\"inLanguage\":\"es\"},{\"@type\":\"Organization\",\"@id\":\"https:\/\/railgd.com\/#organization\",\"name\":\"Rail GD\",\"url\":\"https:\/\/railgd.com\/\",\"logo\":{\"@type\":\"ImageObject\",\"inLanguage\":\"es\",\"@id\":\"https:\/\/railgd.com\/#\/schema\/logo\/image\/\",\"url\":\"https:\/\/railgd.com\/wp-content\/uploads\/2020\/01\/railgo-color.png\",\"contentUrl\":\"https:\/\/railgd.com\/wp-content\/uploads\/2020\/01\/railgo-color.png\",\"width\":400,\"height\":136,\"caption\":\"Rail GD\"},\"image\":{\"@id\":\"https:\/\/railgd.com\/#\/schema\/logo\/image\/\"},\"sameAs\":[\"https:\/\/www.facebook.com\/rail.gd\/?locale=fr_CA\",\"https:\/\/ca.linkedin.com\/company\/rail-gd-inc\"]}]}<\/script>\n<!-- \/ Yoast SEO plugin. -->","yoast_head_json":{"title":"Cont\u00e1ctenos - Rail GD","robots":{"index":"index","follow":"follow","max-snippet":"max-snippet:-1","max-image-preview":"max-image-preview:large","max-video-preview":"max-video-preview:-1"},"canonical":"https:\/\/railgd.com\/contact\/","og_locale":"es_ES","og_type":"article","og_title":"Cont\u00e1ctenos - Rail GD","og_description":"CONT\u00c1CTENOS \u00bfPreguntas? Hablemos. Cont\u00e1ctenos y vea c\u00f3mo la experiencia de Rail GD marca la diferencia. Direcci\u00f3n 130, chemin de Saint-Edgard New Richmond, QC, G0C 2B0 Canada Correo electr\u00f3nico (418) 392-7510 Estamos abiertos Lunes a Jueves: 7 am a 4:30 pmViernes: 7 am a 11 am","og_url":"https:\/\/railgd.com\/contact\/","og_site_name":"Rail GD","article_publisher":"https:\/\/www.facebook.com\/rail.gd\/?locale=fr_CA","article_modified_time":"2022-09-28T16:46:44+00:00","og_image":[{"width":2560,"height":1004,"url":"https:\/\/railgd.com\/wp-content\/uploads\/2022\/04\/fond-cta-scaled.jpg","type":"image\/jpeg"}],"twitter_card":"summary_large_image","schema":{"@context":"https:\/\/schema.org","@graph":[{"@type":"WebPage","@id":"https:\/\/railgd.com\/contact\/","url":"https:\/\/railgd.com\/contact\/","name":"Cont\u00e1ctenos - Rail GD","isPartOf":{"@id":"https:\/\/railgd.com\/#website"},"primaryImageOfPage":{"@id":"https:\/\/railgd.com\/contact\/#primaryimage"},"image":{"@id":"https:\/\/railgd.com\/contact\/#primaryimage"},"thumbnailUrl":"https:\/\/railgd.com\/wp-content\/uploads\/2022\/04\/fond-cta-scaled.jpg","datePublished":"2019-06-22T11:21:35+00:00","dateModified":"2022-09-28T16:46:44+00:00","breadcrumb":{"@id":"https:\/\/railgd.com\/contact\/#breadcrumb"},"inLanguage":"es","potentialAction":[{"@type":"ReadAction","target":["https:\/\/railgd.com\/contact\/"]}]},{"@type":"ImageObject","inLanguage":"es","@id":"https:\/\/railgd.com\/contact\/#primaryimage","url":"https:\/\/railgd.com\/wp-content\/uploads\/2022\/04\/fond-cta-scaled.jpg","contentUrl":"https:\/\/railgd.com\/wp-content\/uploads\/2022\/04\/fond-cta-scaled.jpg","width":2560,"height":1004},{"@type":"BreadcrumbList","@id":"https:\/\/railgd.com\/contact\/#breadcrumb","itemListElement":[{"@type":"ListItem","position":1,"name":"Accueil","item":"https:\/\/railgd.com\/en\/"},{"@type":"ListItem","position":2,"name":"Cont\u00e1ctenos"}]},{"@type":"WebSite","@id":"https:\/\/railgd.com\/#website","url":"https:\/\/railgd.com\/","name":"Rail GD","description":"Refonte et mise \u00e0 neuf de train","publisher":{"@id":"https:\/\/railgd.com\/#organization"},"potentialAction":[{"@type":"SearchAction","target":{"@type":"EntryPoint","urlTemplate":"https:\/\/railgd.com\/?s={search_term_string}"},"query-input":{"@type":"PropertyValueSpecification","valueRequired":true,"valueName":"search_term_string"}}],"inLanguage":"es"},{"@type":"Organization","@id":"https:\/\/railgd.com\/#organization","name":"Rail GD","url":"https:\/\/railgd.com\/","logo":{"@type":"ImageObject","inLanguage":"es","@id":"https:\/\/railgd.com\/#\/schema\/logo\/image\/","url":"https:\/\/railgd.com\/wp-content\/uploads\/2020\/01\/railgo-color.png","contentUrl":"https:\/\/railgd.com\/wp-content\/uploads\/2020\/01\/railgo-color.png","width":400,"height":136,"caption":"Rail GD"},"image":{"@id":"https:\/\/railgd.com\/#\/schema\/logo\/image\/"},"sameAs":["https:\/\/www.facebook.com\/rail.gd\/?locale=fr_CA","https:\/\/ca.linkedin.com\/company\/rail-gd-inc"]}]}},"_links":{"self":[{"href":"https:\/\/railgd.com\/es\/wp-json\/wp\/v2\/pages\/6787","targetHints":{"allow":["GET"]}}],"collection":[{"href":"https:\/\/railgd.com\/es\/wp-json\/wp\/v2\/pages"}],"about":[{"href":"https:\/\/railgd.com\/es\/wp-json\/wp\/v2\/types\/page"}],"author":[{"embeddable":true,"href":"https:\/\/railgd.com\/es\/wp-json\/wp\/v2\/users\/1"}],"replies":[{"embeddable":true,"href":"https:\/\/railgd.com\/es\/wp-json\/wp\/v2\/comments?post=6787"}],"version-history":[{"count":5,"href":"https:\/\/railgd.com\/es\/wp-json\/wp\/v2\/pages\/6787\/revisions"}],"predecessor-version":[{"id":6792,"href":"https:\/\/railgd.com\/es\/wp-json\/wp\/v2\/pages\/6787\/revisions\/6792"}],"wp:featuredmedia":[{"embeddable":true,"href":"https:\/\/railgd.com\/es\/wp-json\/wp\/v2\/media\/6528"}],"wp:attachment":[{"href":"https:\/\/railgd.com\/es\/wp-json\/wp\/v2\/media?parent=6787"}],"curies":[{"name":"wp","href":"https:\/\/api.w.org\/{rel}","templated":true}]}}